{"id":7633,"date":"2026-03-13T15:40:59","date_gmt":"2026-03-13T15:40:59","guid":{"rendered":"https:\/\/jomaxwellscott.com\/?page_id=7633"},"modified":"2026-03-22T13:00:01","modified_gmt":"2026-03-22T13:00:01","slug":"contact","status":"publish","type":"page","link":"https:\/\/jomaxwellscott.com\/fr\/contact\/","title":{"rendered":"Contact"},"content":{"rendered":"<div class=\"et_pb_section_0 et_pb_section et_section_regular et_flex_section\">\n<div class=\"et_pb_row_0 et_pb_row et_flex_row\">\n<div class=\"et_pb_column_0 et_pb_column et-last-child et_flex_column et_pb_css_mix_blend_mode_passthrough et_flex_column_24_24 et_flex_column_24_24_tablet et_flex_column_24_24_phone\">\n<div class=\"et_pb_text_0 et_pb_text et_pb_bg_layout_light et_pb_module et_flex_module preset--module--divi-text--default\"><div class=\"et_pb_text_inner\"><h1>Entamons une conversation\u00a0<\/h1>\n<p>Que vous planifiez un documentaire, que vous ayez besoin d'aide lors d'un \u00e9v\u00e9nement ou que vous souhaitiez explorer la mani\u00e8re dont la vid\u00e9o peut amplifier votre message, je serais ravie d'entendre parler de votre projet. Contactez-moi pour savoir comment nous pouvons travailler ensemble.<\/p>\n<\/div><\/div>\n<\/div>\n<\/div>\n\n<div class=\"et_pb_row_1 et_pb_row et_flex_row\">\n<div class=\"et_pb_column_1 et_pb_column et-last-child et_flex_column et_pb_css_mix_blend_mode_passthrough et_flex_column_24_24 et_flex_column_24_24_tablet et_flex_column_24_24_phone\">\n<div class=\"et_pb_module et_pb_button_module_wrapper et_pb_button_0_wrapper preset--module--divi-button--default_wrapper\"><a class=\"et_pb_button_0 et_pb_button et_pb_bg_layout_light et_pb_module et_flex_module preset--module--divi-button--default\" href=\"#book\">R\u00e9server un appel<\/a><\/div>\n\n<div class=\"et_pb_module et_pb_button_module_wrapper et_pb_button_1_wrapper preset--module--divi-button--default_wrapper\"><a class=\"et_pb_button_1 et_pb_button et_pb_bg_layout_light et_pb_module et_flex_module preset--module--divi-button--default\" href=\"mailto:\">Envoyez-moi un courriel<\/a><\/div>\n<\/div>\n<\/div>\n<\/div>\n\n<div class=\"et_pb_section_1 et_pb_section et_section_regular et_flex_section\" id=\"book\">\n<div class=\"et_pb_row_2 et_pb_row et_flex_row\">\n<div class=\"et_pb_column_2 et_pb_column et-last-child et_flex_column et_pb_css_mix_blend_mode_passthrough et_flex_column_24_24 et_flex_column_24_24_tablet et_flex_column_24_24_phone\">\n<div class=\"et_pb_code_0 et_pb_code et_pb_module\"><div class=\"et_pb_code_inner\"><!-- Google Calendar Appointment Scheduling begin -->\n<iframe loading=\"lazy\" src=\"https:\/\/calendar.google.com\/calendar\/appointments\/schedules\/AcZssZ0B9dGXWLzNWUhsW6wTBflkyU6xAoHHhTmc-9LWYYRADAj70WzXvoV5pC_46z7ZJw4Vm1ZvdCXR?gv=true\" style=\"border: 0\" width=\"100%\" height=\"1100\" frameborder=\"0\"><\/iframe>\n<!-- end Google Calenar Appointment Scheduling --><\/div><\/div>\n<\/div>\n<\/div>\n<\/div>","protected":false},"excerpt":{"rendered":"","protected":false},"author":3,"featured_media":0,"parent":0,"menu_order":0,"comment_status":"closed","ping_status":"closed","template":"","meta":{"_acf_changed":false,"footnotes":""},"class_list":["post-7633","page","type-page","status-publish","hentry"],"acf":[],"_links":{"self":[{"href":"https:\/\/jomaxwellscott.com\/fr\/wp-json\/wp\/v2\/pages\/7633","targetHints":{"allow":["GET"]}}],"collection":[{"href":"https:\/\/jomaxwellscott.com\/fr\/wp-json\/wp\/v2\/pages"}],"about":[{"href":"https:\/\/jomaxwellscott.com\/fr\/wp-json\/wp\/v2\/types\/page"}],"author":[{"embeddable":true,"href":"https:\/\/jomaxwellscott.com\/fr\/wp-json\/wp\/v2\/users\/3"}],"replies":[{"embeddable":true,"href":"https:\/\/jomaxwellscott.com\/fr\/wp-json\/wp\/v2\/comments?post=7633"}],"version-history":[{"count":22,"href":"https:\/\/jomaxwellscott.com\/fr\/wp-json\/wp\/v2\/pages\/7633\/revisions"}],"predecessor-version":[{"id":7770,"href":"https:\/\/jomaxwellscott.com\/fr\/wp-json\/wp\/v2\/pages\/7633\/revisions\/7770"}],"wp:attachment":[{"href":"https:\/\/jomaxwellscott.com\/fr\/wp-json\/wp\/v2\/media?parent=7633"}],"curies":[{"name":"wp","href":"https:\/\/api.w.org\/{rel}","templated":true}]}}